{"id":1258,"date":"2024-11-26T14:39:14","date_gmt":"2024-11-26T13:39:14","guid":{"rendered":"https:\/\/amcisvideo.eu\/?page_id=1258"},"modified":"2025-01-06T20:24:45","modified_gmt":"2025-01-06T19:24:45","slug":"datenschutz","status":"publish","type":"page","link":"https:\/\/amcisvideo.eu\/de\/datenschutz\/","title":{"rendered":"Datenschutz"},"content":{"rendered":"\t\t<div data-elementor-type=\"wp-page\" data-elementor-id=\"1258\" class=\"elementor elementor-1258\" data-elementor-post-type=\"page\">\n\t\t\t\t<div class=\"elementor-element elementor-element-a3e22d4 e-flex e-con-boxed e-con e-parent\" data-id=\"a3e22d4\" data-element_type=\"container\">\n\t\t\t\t\t<div class=\"e-con-inner\">\n\t\t\t\t<div class=\"elementor-element elementor-element-9d77d2e elementor-widget elementor-widget-text-editor\" data-id=\"9d77d2e\" data-element_type=\"widget\" data-widget_type=\"text-editor.default\">\n\t\t\t\t<div class=\"elementor-widget-container\">\n\t\t\t\t\t\t\t\t\t<p>Datum der letzten \u00c4nderung: 26\/11\/2024<\/p><p>Indem Sie auf der Website amcis.lu surfen, erkl\u00e4ren Sie sich damit einverstanden, dass AMCIS m\u00f6glicherweise personenbezogene Daten \u00fcber Sie sammelt und verarbeitet.<\/p><p>Wir sind von der Bedeutung des Datenschutzes \u00fcberzeugt. Aus diesem Grund gestalten und erbringen wir unsere Dienstleistungen unter Ber\u00fccksichtigung des Schutzes Ihrer Privatsph\u00e4re. In dieser Datenschutzrichtlinie wird beschrieben, welche Arten von personenbezogenen Daten wir sammeln, wie wir sie verwenden und wie der Schutz dieser Daten und Ihrer Rechte gew\u00e4hrleistet wird.<\/p><p>WELCHE DATEN WERDEN AUF UNSERER WEBSITE GESAMMELT?<\/p><p>Wenn Sie unsere Website lediglich besuchen, sammelt AMCIS-Vid\u00e9o keine personenbezogenen Daten \u00fcber Sie, au\u00dfer im Rahmen der Verwendung von Cookies.<\/p><p>Wir sammeln Informationen, die Sie uns insbesondere dann zur Verf\u00fcgung stellen, wenn :<\/p><p>Sie das Kontaktformular ausf\u00fcllen.<\/p><p>Zu den personenbezogenen Daten, die wir m\u00f6glicherweise sammeln und verarbeiten, geh\u00f6ren unter anderem:<\/p><p>Name ;<br \/>Vorname ;<br \/>E-Mail-Adresse ;<br \/>Telefonnummer.<br \/>Sie f\u00fcllen das Formular zu einer Anfrage oder um eine Mitgliedskarte zu erhalten.<\/p><p>Zu den personenbezogenen Daten, die wir erheben und verarbeiten k\u00f6nnen, geh\u00f6ren unter anderem:<\/p><p>Name ;<br \/>Vorname ;<br \/>E-Mail-Adresse ;<br \/>Telefonnummer.<br \/>EMPF\u00c4NGER DER DATEN<\/p><p>Die auf der Website amcis.lu gesammelten Daten sind ausschlie\u00dflich f\u00fcr AMCIS bestimmt.<\/p>\t\t\t\t\t\t\t\t<\/div>\n\t\t\t\t<\/div>\n\t\t\t\t\t<\/div>\n\t\t\t\t<\/div>\n\t\t\t\t<\/div>\n\t\t","protected":false},"excerpt":{"rendered":"<p>Datum der letzten \u00c4nderung: 26\/11\/2024 Indem Sie auf der Website amcis.lu surfen, erkl\u00e4ren Sie sich damit einverstanden, dass AMCIS m\u00f6glicherweise [&hellip;]<\/p>\n","protected":false},"author":1,"featured_media":0,"parent":0,"menu_order":0,"comment_status":"closed","ping_status":"closed","template":"","meta":{"_acf_changed":false,"_lmt_disableupdate":"","_lmt_disable":"","site-sidebar-layout":"no-sidebar","site-content-layout":"","ast-site-content-layout":"full-width-container","site-content-style":"default","site-sidebar-style":"default","ast-global-header-display":"","ast-banner-title-visibility":"","ast-main-header-display":"","ast-hfb-above-header-display":"","ast-hfb-below-header-display":"","ast-hfb-mobile-header-display":"","site-post-title":"disabled","ast-breadcrumbs-content":"","ast-featured-img":"disabled","footer-sml-layout":"","theme-transparent-header-meta":"","adv-header-id-meta":"","stick-header-meta":"","header-above-stick-meta":"","header-main-stick-meta":"","header-below-stick-meta":"","astra-migrate-meta-layouts":"default","ast-page-background-enabled":"default","ast-page-background-meta":{"desktop":{"background-color":"var(--ast-global-color-4)","background-image":"","background-repeat":"repeat","background-position":"center center","background-size":"auto","background-attachment":"scroll","background-type":"","background-media":"","overlay-type":"","overlay-color":"","overlay-opacity":"","overlay-gradient":""},"tablet":{"background-color":"","background-image":"","background-repeat":"repeat","background-position":"center center","background-size":"auto","background-attachment":"scroll","background-type":"","background-media":"","overlay-type":"","overlay-color":"","overlay-opacity":"","overlay-gradient":""},"mobile":{"background-color":"","background-image":"","background-repeat":"repeat","background-position":"center center","background-size":"auto","background-attachment":"scroll","background-type":"","background-media":"","overlay-type":"","overlay-color":"","overlay-opacity":"","overlay-gradient":""}},"ast-content-background-meta":{"desktop":{"background-color":"var(--ast-global-color-5)","background-image":"","background-repeat":"repeat","background-position":"center center","background-size":"auto","background-attachment":"scroll","background-type":"","background-media":"","overlay-type":"","overlay-color":"","overlay-opacity":"","overlay-gradient":""},"tablet":{"background-color":"var(--ast-global-color-5)","background-image":"","background-repeat":"repeat","background-position":"center center","background-size":"auto","background-attachment":"scroll","background-type":"","background-media":"","overlay-type":"","overlay-color":"","overlay-opacity":"","overlay-gradient":""},"mobile":{"background-color":"var(--ast-global-color-5)","background-image":"","background-repeat":"repeat","background-position":"center center","background-size":"auto","background-attachment":"scroll","background-type":"","background-media":"","overlay-type":"","overlay-color":"","overlay-opacity":"","overlay-gradient":""}},"footnotes":""},"class_list":["post-1258","page","type-page","status-publish","hentry"],"acf":[],"_links":{"self":[{"href":"https:\/\/amcisvideo.eu\/de\/wp-json\/wp\/v2\/pages\/1258","targetHints":{"allow":["GET"]}}],"collection":[{"href":"https:\/\/amcisvideo.eu\/de\/wp-json\/wp\/v2\/pages"}],"about":[{"href":"https:\/\/amcisvideo.eu\/de\/wp-json\/wp\/v2\/types\/page"}],"author":[{"embeddable":true,"href":"https:\/\/amcisvideo.eu\/de\/wp-json\/wp\/v2\/users\/1"}],"replies":[{"embeddable":true,"href":"https:\/\/amcisvideo.eu\/de\/wp-json\/wp\/v2\/comments?post=1258"}],"version-history":[{"count":3,"href":"https:\/\/amcisvideo.eu\/de\/wp-json\/wp\/v2\/pages\/1258\/revisions"}],"predecessor-version":[{"id":2673,"href":"https:\/\/amcisvideo.eu\/de\/wp-json\/wp\/v2\/pages\/1258\/revisions\/2673"}],"wp:attachment":[{"href":"https:\/\/amcisvideo.eu\/de\/wp-json\/wp\/v2\/media?parent=1258"}],"curies":[{"name":"wp","href":"https:\/\/api.w.org\/{rel}","templated":true}]}}