{"id":1260,"date":"2024-11-26T14:39:40","date_gmt":"2024-11-26T13:39:40","guid":{"rendered":"https:\/\/amcisvideo.eu\/?page_id=1260"},"modified":"2024-11-26T16:14:00","modified_gmt":"2024-11-26T15:14:00","slug":"impressum","status":"publish","type":"page","link":"https:\/\/amcisvideo.eu\/de\/impressum\/","title":{"rendered":"Impressum"},"content":{"rendered":"\t\t<div data-elementor-type=\"wp-page\" data-elementor-id=\"1260\" class=\"elementor elementor-1260\" data-elementor-post-type=\"page\">\n\t\t\t\t<div class=\"elementor-element elementor-element-2d4ff64 e-flex e-con-boxed e-con e-parent\" data-id=\"2d4ff64\" data-element_type=\"container\">\n\t\t\t\t\t<div class=\"e-con-inner\">\n\t\t\t\t<div class=\"elementor-element elementor-element-c5d166d elementor-widget elementor-widget-text-editor\" data-id=\"c5d166d\" data-element_type=\"widget\" data-widget_type=\"text-editor.default\">\n\t\t\t\t<div class=\"elementor-widget-container\">\n\t\t\t\t\t\t\t\t\t<h1>Impressum<\/h1><p class=\"introduction\">Hier informieren wir, wer f\u00fcr diesen Internetauftritt verantwortlich ist, wer f\u00fcr die Inhalte dieser Seite haftet, wie es sich mit Urheberrechten auf diesen Seiten verh\u00e4lt und wie sicher die Kontaktaufnahme mit uns gestaltet werden kann.<\/p><hr \/><h3>1. Verantwortlicher Diensteanbieter<\/h3><p>Verantwortlicher f\u00fcr die Internet-Pr\u00e4sentation ist AMCIS-Vid\u00e9o asbl<\/p><p><b>AMCIS-Vid\u00e9o asbl<\/b><br \/>President: Gilbert Hommel<br \/>3, rue de Chauffailles L-4406 Belvaux<\/p><p><span class=\"tab50\">Telefon :<\/span>\u00a0+352 621 161 424<br \/><span class=\"tab50\">E-Mail:<\/span>\u00a0hgilbert@pt.lu<\/p><hr \/><h3><span style=\"color: var(--ast-global-color-2); font-size: 1.5rem; font-style: inherit; font-family: var( --e-global-typography-text-font-family ), Sans-serif; text-align: var(--text-align); background-color: var(--ast-global-color-5);\">1. Haftung f\u00fcr Inhalte<\/span><\/h3><p>Die Inhalte dieses Internetauftritts werden mit gr\u00f6\u00dftm\u00f6glicher Sorgfalt recherchiert und implementiert. Fehler im Bearbeitungsvorgang sind dennoch nicht auszuschlie\u00dfen. Eine Haftung f\u00fcr die Richtigkeit, Vollst\u00e4ndigkeit und Aktualit\u00e4t dieses Internetauftritts kann trotz sorgf\u00e4ltiger Pr\u00fcfung nicht \u00fcbernommen werden. Wir \u00fcbernehmen keinerlei Haftung f\u00fcr eventuelle Sch\u00e4den oder Konsequenzen, die durch die direkte oder indirekte Nutzung der angebotenen Inhalte entstehen. Als Inhaltsanbieter sind wir f\u00fcr die eigenen Inhalte, die wir zur Nutzung bereithalten, nach den allgemeinen Gesetzen verantwortlich. Von diesen eigenen Inhalten sind unsere Weiterleitungen und Querverweise (\u201cexterne Links\u201d) auf die von anderen Diensteanbietern bereitgehaltenen Inhalte zu unterscheiden. Diese fremden Inhalte stammen weder von uns noch haben wir die M\u00f6glichkeit, den Inhalt von Seiten Dritter zu beeinflussen. Die Inhalte fremder Seiten, auf die wir mittels Links verweisen, spiegeln nicht unsere Meinung wieder, sondern dienen lediglich der Information und der Darstellung von Zusammenh\u00e4ngen. Wir haften nicht f\u00fcr fremde Inhalte, auf die wir lediglich im oben genannten Sinne hinweisen. Die Verantwortlichkeit liegt alleine bei dem Diensteanbieter der Inhalte.<\/p><h3>2. Urheberrechte<\/h3><p>Alle auf dieser Website ver\u00f6ffentlichten Inhalte (das sind Texte, Bilder, Grafiken, Layout usw.) unterliegen dem Urheberrecht. Jede vom Urheberrechtsgesetz nicht zugelassene Verwertung bedarf unserer vorherigen schriftlichen Zustimmung bzw. bedarf der Zustimmung der jeweiligen Berechtigten. Dies gilt auch und insbesondere f\u00fcr Bearbeitung, \u00dcbersetzung, Vervielf\u00e4ltigung, Einspeicherung, Verarbeitung bzw. Wiedergabe von Inhalten in Datenbanken oder anderen elektronischen Medien und Systemen. Die Einrichtung von Links zu unserem Internetauftritt ist grunds\u00e4tzlich zul\u00e4ssig, ohne dass es unserer vorherigen Zustimmung bedarf. Ein Framing unserer Seiten gestatten wir nicht. Die unerlaubte Reproduktion oder Weitergabe einzelner Inhalte oder kompletter Seiten wird straf- und zivilrechtlich verfolgt. Copyright \u00a9 2024. AMCIS-Vid\u00e9o asbl, Alle Rechte vorbehalten.<\/p><h3>3. Kontaktaufnahme mit uns<\/h3><p>Kommunikation via E-Mail kann Sicherheitsl\u00fccken aufweisen. E-Mails &#8211; unverschl\u00fcsselt entsprechen sie dem Versand einer Postkarte &#8211; k\u00f6nnen auf ihrem Weg zu uns von versierten dritten Internet-Nutzern aufgehalten und eingesehen werden. Sollten wir eine E-Mail von Ihnen erhalten, so d\u00fcrfen wir davon ausgehen, dass wir zu einer Beantwortung per einfacher E-Mail berechtigt sind. Ansonsten m\u00fcssen wir Sie ausdr\u00fccklich auf eine andere Art der Kommunikation verweisen. Im Kundenbereich, insbesondere nach dem \u201eEinloggen\u201d, verwenden wir in jedem Falle eine sichere \u00dcbertragungstechnik (z.B. Verbindung \u00fcber SSL-Verschl\u00fcsselung), was Sie an entsprechenden Browsereinstellungen erkennen k\u00f6nnen, wenn Sie eine gesicherte Verbindung per SSL betreten und verlassen.<\/p><p>\u00a0<\/p><p>\u00a0<\/p>\t\t\t\t\t\t\t\t<\/div>\n\t\t\t\t<\/div>\n\t\t\t\t\t<\/div>\n\t\t\t\t<\/div>\n\t\t\t\t<\/div>\n\t\t","protected":false},"excerpt":{"rendered":"<p>Impressum Hier informieren wir, wer f\u00fcr diesen Internetauftritt verantwortlich ist, wer f\u00fcr die Inhalte dieser Seite haftet, wie es sich [&hellip;]<\/p>\n","protected":false},"author":1,"featured_media":0,"parent":0,"menu_order":0,"comment_status":"closed","ping_status":"closed","template":"","meta":{"_acf_changed":false,"_lmt_disableupdate":"","_lmt_disable":"","site-sidebar-layout":"no-sidebar","site-content-layout":"","ast-site-content-layout":"full-width-container","site-content-style":"default","site-sidebar-style":"default","ast-global-header-display":"","ast-banner-title-visibility":"","ast-main-header-display":"","ast-hfb-above-header-display":"","ast-hfb-below-header-display":"","ast-hfb-mobile-header-display":"","site-post-title":"disabled","ast-breadcrumbs-content":"","ast-featured-img":"disabled","footer-sml-layout":"","theme-transparent-header-meta":"","adv-header-id-meta":"","stick-header-meta":"","header-above-stick-meta":"","header-main-stick-meta":"","header-below-stick-meta":"","astra-migrate-meta-layouts":"default","ast-page-background-enabled":"default","ast-page-background-meta":{"desktop":{"background-color":"var(--ast-global-color-4)","background-image":"","background-repeat":"repeat","background-position":"center center","background-size":"auto","background-attachment":"scroll","background-type":"","background-media":"","overlay-type":"","overlay-color":"","overlay-opacity":"","overlay-gradient":""},"tablet":{"background-color":"","background-image":"","background-repeat":"repeat","background-position":"center center","background-size":"auto","background-attachment":"scroll","background-type":"","background-media":"","overlay-type":"","overlay-color":"","overlay-opacity":"","overlay-gradient":""},"mobile":{"background-color":"","background-image":"","background-repeat":"repeat","background-position":"center center","background-size":"auto","background-attachment":"scroll","background-type":"","background-media":"","overlay-type":"","overlay-color":"","overlay-opacity":"","overlay-gradient":""}},"ast-content-background-meta":{"desktop":{"background-color":"var(--ast-global-color-5)","background-image":"","background-repeat":"repeat","background-position":"center center","background-size":"auto","background-attachment":"scroll","background-type":"","background-media":"","overlay-type":"","overlay-color":"","overlay-opacity":"","overlay-gradient":""},"tablet":{"background-color":"var(--ast-global-color-5)","background-image":"","background-repeat":"repeat","background-position":"center center","background-size":"auto","background-attachment":"scroll","background-type":"","background-media":"","overlay-type":"","overlay-color":"","overlay-opacity":"","overlay-gradient":""},"mobile":{"background-color":"var(--ast-global-color-5)","background-image":"","background-repeat":"repeat","background-position":"center center","background-size":"auto","background-attachment":"scroll","background-type":"","background-media":"","overlay-type":"","overlay-color":"","overlay-opacity":"","overlay-gradient":""}},"footnotes":""},"class_list":["post-1260","page","type-page","status-publish","hentry"],"acf":[],"_links":{"self":[{"href":"https:\/\/amcisvideo.eu\/de\/wp-json\/wp\/v2\/pages\/1260","targetHints":{"allow":["GET"]}}],"collection":[{"href":"https:\/\/amcisvideo.eu\/de\/wp-json\/wp\/v2\/pages"}],"about":[{"href":"https:\/\/amcisvideo.eu\/de\/wp-json\/wp\/v2\/types\/page"}],"author":[{"embeddable":true,"href":"https:\/\/amcisvideo.eu\/de\/wp-json\/wp\/v2\/users\/1"}],"replies":[{"embeddable":true,"href":"https:\/\/amcisvideo.eu\/de\/wp-json\/wp\/v2\/comments?post=1260"}],"version-history":[{"count":3,"href":"https:\/\/amcisvideo.eu\/de\/wp-json\/wp\/v2\/pages\/1260\/revisions"}],"predecessor-version":[{"id":1345,"href":"https:\/\/amcisvideo.eu\/de\/wp-json\/wp\/v2\/pages\/1260\/revisions\/1345"}],"wp:attachment":[{"href":"https:\/\/amcisvideo.eu\/de\/wp-json\/wp\/v2\/media?parent=1260"}],"curies":[{"name":"wp","href":"https:\/\/api.w.org\/{rel}","templated":true}]}}