{"id":1280,"date":"2024-11-26T15:27:08","date_gmt":"2024-11-26T14:27:08","guid":{"rendered":"https:\/\/amcisvideo.eu\/?page_id=1280"},"modified":"2025-01-01T10:38:38","modified_gmt":"2025-01-01T09:38:38","slug":"mitglied-werden","status":"publish","type":"page","link":"https:\/\/amcisvideo.eu\/de\/mitglied-werden\/","title":{"rendered":"Mitglied werden"},"content":{"rendered":"\t\t<div data-elementor-type=\"wp-page\" data-elementor-id=\"1280\" class=\"elementor elementor-1280\" data-elementor-post-type=\"page\">\n\t\t\t\t<div class=\"elementor-element elementor-element-fce851f e-flex e-con-boxed e-con e-parent\" data-id=\"fce851f\" data-element_type=\"container\">\n\t\t\t\t\t<div class=\"e-con-inner\">\n\t\t\t\t<div class=\"elementor-element elementor-element-7378b34 elementor-widget elementor-widget-heading\" data-id=\"7378b34\" data-element_type=\"widget\" data-widget_type=\"heading.default\">\n\t\t\t\t<div class=\"elementor-widget-container\">\n\t\t\t\t\t<h1 class=\"elementor-heading-title elementor-size-default\">Ja ich m\u00f6chte ihren Verein mit einer Mitgliedskarte unterst\u00fctzen<\/h1>\t\t\t\t<\/div>\n\t\t\t\t<\/div>\n\t\t\t\t<div class=\"elementor-element elementor-element-451874d elementor-widget elementor-widget-shortcode\" data-id=\"451874d\" data-element_type=\"widget\" data-widget_type=\"shortcode.default\">\n\t\t\t\t<div class=\"elementor-widget-container\">\n\t\t\t\t\t\t\t<div class=\"elementor-shortcode\"><div class=\"frm_forms  with_frm_style frm_style_formidable-style\" id=\"frm_form_9_container\" data-token=\"255531f7c1f52a8108b3d9b88c84cf24\">\n<form enctype=\"multipart\/form-data\" method=\"post\" class=\"frm-show-form  frm_pro_form \" id=\"form_mitglied-anfrage_de\" data-token=\"255531f7c1f52a8108b3d9b88c84cf24\">\n<div class=\"frm_form_fields \">\n<fieldset>\n<legend class=\"frm_screen_reader\">Mitglied Anfrage_de<\/legend>\r\n\r\n<div class=\"frm_fields_container\">\n<input type=\"hidden\" name=\"frm_action\" value=\"create\" \/>\n<input type=\"hidden\" name=\"form_id\" value=\"9\" \/>\n<input type=\"hidden\" name=\"frm_hide_fields_9\" id=\"frm_hide_fields_9\" value=\"\" \/>\n<input type=\"hidden\" name=\"form_key\" value=\"mitglied-anfrage_de\" \/>\n<input type=\"hidden\" name=\"item_meta[0]\" value=\"\" \/>\n<input type=\"hidden\" id=\"frm_submit_entry_9\" name=\"frm_submit_entry_9\" value=\"6ed17ee204\" \/><input type=\"hidden\" name=\"_wp_http_referer\" value=\"\/de\/wp-json\/wp\/v2\/pages\/1280\" \/><div id=\"frm_field_52_container\" class=\"frm_form_field form-field  frm_required_field frm_top_container vertical_radio frm_other_container\">\r\n\t<div  id=\"field_8776z2_label\" class=\"frm_primary_label\">Anrede\r\n\t\t<span class=\"frm_required\" aria-hidden=\"true\">*<\/span>\r\n\t<\/div>\r\n\t<div class=\"frm_opt_container\" aria-labelledby=\"field_8776z2_label\" role=\"radiogroup\" aria-required=\"true\">\t\t<div class=\"frm_radio\" id=\"frm_radio_52-0\">\t\t\t<label  for=\"field_8776z2-0\">\n\t\t\t\t\t<input type=\"radio\" name=\"item_meta[52]\" id=\"field_8776z2-0\" value=\"Frau\"\n\t\t   data-reqmsg=\"Anrede kann nicht leer sein.\" data-invmsg=\"Anrede ist ung\u00fcltig\"  \/> Frau<\/label><\/div>\n\t\t<div class=\"frm_radio\" id=\"frm_radio_52-1\">\t\t\t<label  for=\"field_8776z2-1\">\n\t\t\t\t\t<input type=\"radio\" name=\"item_meta[52]\" id=\"field_8776z2-1\" value=\"Herr\"\n\t\t   data-reqmsg=\"Anrede kann nicht leer sein.\" data-invmsg=\"Anrede ist ung\u00fcltig\"  \/> Herr<\/label><\/div>\n\t\t<div class=\"frm_radio\" id=\"frm_radio_52-other_3\">\t\t\t<label  for=\"field_8776z2-other_3\">\n\t\t\t\t\t<input type=\"radio\" name=\"item_meta[52]\" id=\"field_8776z2-other_3\" value=\"Andere\"\n\t\t   data-reqmsg=\"Anrede kann nicht leer sein.\" data-invmsg=\"Anrede ist ung\u00fcltig\"  \/> Andere<\/label><label for=\"field_8776z2-other_3-otext\" class=\"frm_screen_reader frm_hidden\">Andere<\/label><input type=\"text\" id=\"field_8776z2-other_3-otext\" class=\"frm_other_input frm_pos_none\"  name=\"item_meta[other][52]\" value=\"\" \/><\/div>\n<\/div>\r\n\t\r\n\t\r\n<\/div>\n<div id=\"frm_field_53_container\" class=\"frm_form_field form-field  frm_required_field frm_top_container frm6 frm_first\">\r\n\t<label for=\"field_2gj1s2\" id=\"field_2gj1s2_label\" class=\"frm_primary_label\">Name\r\n\t\t<span class=\"frm_required\" aria-hidden=\"true\">*<\/span>\r\n\t<\/label>\r\n\t<input  type=\"text\" id=\"field_2gj1s2\" name=\"item_meta[53]\" value=\"\"  style=\"width:50%\" data-reqmsg=\"Name kann nicht leer sein.\" aria-required=\"true\" data-invmsg=\"Name ist ung\u00fcltig\" class=\"auto_width\" aria-invalid=\"false\"   \/>\r\n\t\r\n\t\r\n<\/div>\n<div id=\"frm_field_54_container\" class=\"frm_form_field form-field  frm_required_field frm_top_container frm6\">\r\n\t<label for=\"field_eiq412\" id=\"field_eiq412_label\" class=\"frm_primary_label\">Vorname\r\n\t\t<span class=\"frm_required\" aria-hidden=\"true\">*<\/span>\r\n\t<\/label>\r\n\t<input  type=\"text\" id=\"field_eiq412\" name=\"item_meta[54]\" value=\"\"  style=\"width:50%\" data-reqmsg=\"Vorname kann nicht leer sein.\" aria-required=\"true\" data-invmsg=\"Vorname ist ung\u00fcltig\" class=\"auto_width\" aria-invalid=\"false\"   \/>\r\n\t\r\n\t\r\n<\/div>\n<div id=\"frm_field_55_container\" class=\"frm_form_field form-field  frm_top_container frm6 frm_first\">\r\n\t<label for=\"field_xhvau2\" id=\"field_xhvau2_label\" class=\"frm_primary_label\">E-Mail\r\n\t\t<span class=\"frm_required\" aria-hidden=\"true\"><\/span>\r\n\t<\/label>\r\n\t<input type=\"email\" id=\"field_xhvau2\" name=\"item_meta[55]\" value=\"\"  autocomplete=\"email\"  style=\"width:50%\" data-invmsg=\"E-Mail ist ung\u00fcltig\" class=\"auto_width\" aria-invalid=\"false\"  \/>\r\n\t\r\n\t\r\n<\/div>\n<div id=\"frm_field_56_container\" class=\"frm_form_field form-field  frm_required_field frm_top_container frm6 vertical_radio\">\r\n\t<div  id=\"field_jt6em2_label\" class=\"frm_primary_label\">Ich elaube Ihnen meine E-Mail zu verwenden\r\n\t\t<span class=\"frm_required\" aria-hidden=\"true\">*<\/span>\r\n\t<\/div>\r\n\t<div class=\"frm_opt_container\" aria-labelledby=\"field_jt6em2_label\" role=\"group\">\t\t<div class=\"frm_checkbox\" id=\"frm_checkbox_56-0\">\t\t\t<label  for=\"field_jt6em2-0\">\n\t\t\t<input type=\"checkbox\" name=\"item_meta[56][]\" id=\"field_jt6em2-0\" value=\"Ja\"  data-reqmsg=\"Ich elaube Ihnen meine E-Mail zu verwenden kann nicht leer sein.\" data-invmsg=\"Ich elaube Ihnen meine E-Mail zu verwenden ist ung\u00fcltig\"   aria-required=\"true\"  \/> Ja<\/label><\/div>\n\t\t<div class=\"frm_checkbox\" id=\"frm_checkbox_56-1\">\t\t\t<label  for=\"field_jt6em2-1\">\n\t\t\t<input type=\"checkbox\" name=\"item_meta[56][]\" id=\"field_jt6em2-1\" value=\"Nein\"  data-reqmsg=\"Ich elaube Ihnen meine E-Mail zu verwenden kann nicht leer sein.\" data-invmsg=\"Ich elaube Ihnen meine E-Mail zu verwenden ist ung\u00fcltig\"   \/> Nein<\/label><\/div>\n<\/div>\r\n\t\r\n\t\r\n<\/div>\n<div id=\"frm_field_57_container\" class=\"frm_form_field form-field  frm_required_field frm_top_container frm6 frm_first\">\r\n\t<label for=\"field_bes6t2\" id=\"field_bes6t2_label\" class=\"frm_primary_label\">Adresse\r\n\t\t<span class=\"frm_required\" aria-hidden=\"true\">*<\/span>\r\n\t<\/label>\r\n\t<input  type=\"text\" id=\"field_bes6t2\" name=\"item_meta[57]\" value=\"\"  style=\"width:70%\" data-reqmsg=\"Adresse kann nicht leer sein.\" aria-required=\"true\" data-invmsg=\"Adresse ist ung\u00fcltig\" class=\"auto_width\" aria-invalid=\"false\"   \/>\r\n\t\r\n\t\r\n<\/div>\n<div id=\"frm_field_58_container\" class=\"frm_form_field form-field  frm_required_field frm_top_container frm6\">\r\n\t<label for=\"field_ne8t32\" id=\"field_ne8t32_label\" class=\"frm_primary_label\">Hausnummer\r\n\t\t<span class=\"frm_required\" aria-hidden=\"true\">*<\/span>\r\n\t<\/label>\r\n\t<input  type=\"text\" id=\"field_ne8t32\" name=\"item_meta[58]\" value=\"\"  style=\"width:30%\" data-reqmsg=\"Hausnummer kann nicht leer sein.\" aria-required=\"true\" data-invmsg=\"Hausnummer ist ung\u00fcltig\" class=\"auto_width\" aria-invalid=\"false\"   \/>\r\n\t\r\n\t\r\n<\/div>\n<div id=\"frm_field_59_container\" class=\"frm_form_field form-field  frm_required_field frm_top_container frm6 frm_first\">\r\n\t<label for=\"field_af9ld2\" id=\"field_af9ld2_label\" class=\"frm_primary_label\">PLZ\r\n\t\t<span class=\"frm_required\" aria-hidden=\"true\">*<\/span>\r\n\t<\/label>\r\n\t<input  type=\"text\" id=\"field_af9ld2\" name=\"item_meta[59]\" value=\"\"  style=\"width:50%\" data-reqmsg=\"PLZ kann nicht leer sein.\" aria-required=\"true\" data-invmsg=\"PLZ ist ung\u00fcltig\" class=\"auto_width\" aria-invalid=\"false\"   \/>\r\n\t\r\n\t\r\n<\/div>\n<div id=\"frm_field_60_container\" class=\"frm_form_field form-field  frm_required_field frm_top_container frm6\">\r\n\t<label for=\"field_wbwib2\" id=\"field_wbwib2_label\" class=\"frm_primary_label\">Ort\r\n\t\t<span class=\"frm_required\" aria-hidden=\"true\">*<\/span>\r\n\t<\/label>\r\n\t<input  type=\"text\" id=\"field_wbwib2\" name=\"item_meta[60]\" value=\"\"  style=\"width:50%\" data-reqmsg=\"Ort kann nicht leer sein.\" aria-required=\"true\" data-invmsg=\"Ort ist ung\u00fcltig\" class=\"auto_width\" aria-invalid=\"false\"   \/>\r\n\t\r\n\t\r\n<\/div>\n<div id=\"frm_field_61_container\" class=\"frm_form_field form-field  frm_required_field frm_top_container frm12 frm_first frm_other_container\">\r\n\t<label for=\"field_jjeux2\" id=\"field_jjeux2_label\" class=\"frm_primary_label\">Land\r\n\t\t<span class=\"frm_required\" aria-hidden=\"true\">*<\/span>\r\n\t<\/label>\r\n\t\t\t<select name=\"item_meta[61]\" id=\"field_jjeux2\"  data-reqmsg=\"Land kann nicht leer sein.\" aria-required=\"true\" data-invmsg=\"Land ist ung\u00fcltig\" aria-invalid=\"false\"  >\n\t\t<option  value=\"\" selected='selected'> <\/option><option  value=\"Luxemburg\">Luxemburg<\/option><option  value=\"Deutschland\">Deutschland<\/option><option  value=\"Frankreich\">Frankreich<\/option><option  value=\"Belgien\">Belgien<\/option><option  value=\"Andere\" class=\"frm_other_trigger\">Andere<\/option>\t<\/select>\n\t<label for=\"field_jjeux2-otext\" class=\"frm_screen_reader frm_hidden\">Land<\/label><input type=\"text\" id=\"field_jjeux2-otext\" class=\"frm_other_input frm_pos_none\"  name=\"item_meta[other][61]\" value=\"\" \/>\r\n\t\r\n\t\r\n<\/div>\n<div id=\"frm_field_62_container\" class=\"frm_form_field form-field  frm_top_container\">\r\n\t<label for=\"field_nsuo42\" id=\"field_nsuo42_label\" class=\"frm_primary_label\">Ihre Nachricht\r\n\t\t<span class=\"frm_required\" aria-hidden=\"true\"><\/span>\r\n\t<\/label>\r\n\t<textarea name=\"item_meta[62]\" id=\"field_nsuo42\" rows=\"5\"  data-invmsg=\"Ihre Nachricht ist ung\u00fcltig\" aria-invalid=\"false\"  ><\/textarea>\r\n\t\r\n\t\r\n<\/div>\n<div id=\"frm_field_103_container\" class=\"frm_form_field form-field  frm_required_field frm_top_container vertical_radio\">\n\t<div  id=\"field_dqxir_label\" class=\"frm_primary_label\">Datenschutzerkl\u00e4rung\n\t\t<span class=\"frm_required\" aria-hidden=\"true\">*<\/span>\n\t<\/div>\n\t<div class=\"frm_opt_container\" aria-labelledby=\"field_dqxir_label\" role=\"group\">\t\t<div class=\"frm_checkbox\" id=\"frm_checkbox_103-0\">\t\t\t<label  for=\"field_dqxir-0\">\n\t\t\t<input type=\"checkbox\" name=\"item_meta[103][]\" id=\"field_dqxir-0\" value=\"Ich bin einverstanden mit der Datenschutzerkl\u00e4rung\"  data-reqmsg=\"Datenschutzerkl\u00e4rung kann nicht leer sein.\" data-invmsg=\"Datenschutzerkl\u00e4rung ist ung\u00fcltig\"   aria-required=\"true\"  \/> Ich bin einverstanden mit der Datenschutzerkl\u00e4rung<\/label><\/div>\n<\/div>\n\t\n\t\n<\/div>\n<div id=\"frm_field_63_container\" class=\"frm_form_field form-field \">\r\n\t<div class=\"frm_submit frm_flex\">\r\n<button class=\"frm_button_submit frm_final_submit\" type=\"submit\"   formnovalidate=\"formnovalidate\">Senden<\/button>\r\n\r\n\r\n\r\n<\/div>\r\n<\/div>\n\t<input type=\"hidden\" name=\"item_key\" value=\"\" \/>\n\t\t\t<div id=\"frm_field_107_container\">\n\t\t\t<label for=\"field_enedl\" >\n\t\t\t\tFalls Du menschlich bist, lasse dieses Feld leer.\t\t\t<\/label>\n\t\t\t<input  id=\"field_enedl\" type=\"text\" class=\"frm_form_field form-field frm_verify\" name=\"item_meta[107]\" value=\"\"  \/>\n\t\t<\/div>\n\t\t<input name=\"frm_state\" type=\"hidden\" value=\"xy8aNFvVD\/JF0gN3y3oo51u6sQrgUO\/UGUM7u81Ku6GgNb1EmPwDZXFW27+ax2N2\" \/><\/div>\n<\/fieldset>\n<\/div>\n\n<\/form>\n<\/div>\n<\/div>\n\t\t\t\t\t\t<\/div>\n\t\t\t\t<\/div>\n\t\t\t\t<div class=\"elementor-element elementor-element-f1af89e elementor-widget elementor-widget-text-editor\" data-id=\"f1af89e\" data-element_type=\"widget\" data-widget_type=\"text-editor.default\">\n\t\t\t\t<div class=\"elementor-widget-container\">\n\t\t\t\t\t\t\t\t\t<p>Bitte \u00fcberweisen Sie den Betrag von 10 \u20ac auf folgendes Konto : BCEE LU11 0019 5655 9378 4000 oder mit Payconiq bezahlen.<\/p>\n<p>Wir m\u00f6chten uns ganz herzlichts daf\u00fcr bedanken<\/p>\t\t\t\t\t\t\t\t<\/div>\n\t\t\t\t<\/div>\n\t\t\t\t<div class=\"elementor-element elementor-element-a8f65fc elementor-widget elementor-widget-image\" data-id=\"a8f65fc\" data-element_type=\"widget\" data-widget_type=\"image.default\">\n\t\t\t\t<div class=\"elementor-widget-container\">\n\t\t\t\t\t\t\t\t\t\t\t\t\t\t\t<img fetchpriority=\"high\" decoding=\"async\" width=\"250\" height=\"250\" src=\"https:\/\/amcisvideo.eu\/wp-content\/uploads\/2024\/11\/QR-10-63ecfcf58c6b08354f1e65d1-1732631793430.jpg\" class=\"attachment-large size-large wp-image-1285\" alt=\"\" srcset=\"https:\/\/amcisvideo.eu\/wp-content\/uploads\/2024\/11\/QR-10-63ecfcf58c6b08354f1e65d1-1732631793430.jpg 250w, https:\/\/amcisvideo.eu\/wp-content\/uploads\/2024\/11\/QR-10-63ecfcf58c6b08354f1e65d1-1732631793430-150x150.jpg 150w\" sizes=\"(max-width: 250px) 100vw, 250px\" \/>\t\t\t\t\t\t\t\t\t\t\t\t\t\t\t<\/div>\n\t\t\t\t<\/div>\n\t\t\t\t\t<\/div>\n\t\t\t\t<\/div>\n\t\t\t\t<\/div>\n\t\t","protected":false},"excerpt":{"rendered":"<p>Ja ich m\u00f6chte ihren Verein mit einer Mitgliedskarte unterst\u00fctzen Bitte \u00fcberweisen Sie den Betrag von 10 \u20ac auf folgendes Konto [&hellip;]<\/p>\n","protected":false},"author":1,"featured_media":0,"parent":0,"menu_order":0,"comment_status":"closed","ping_status":"closed","template":"","meta":{"_acf_changed":false,"_lmt_disableupdate":"","_lmt_disable":"","site-sidebar-layout":"no-sidebar","site-content-layout":"","ast-site-content-layout":"full-width-container","site-content-style":"default","site-sidebar-style":"default","ast-global-header-display":"","ast-banner-title-visibility":"","ast-main-header-display":"","ast-hfb-above-header-display":"","ast-hfb-below-header-display":"","ast-hfb-mobile-header-display":"","site-post-title":"disabled","ast-breadcrumbs-content":"","ast-featured-img":"disabled","footer-sml-layout":"","theme-transparent-header-meta":"","adv-header-id-meta":"","stick-header-meta":"","header-above-stick-meta":"","header-main-stick-meta":"","header-below-stick-meta":"","astra-migrate-meta-layouts":"default","ast-page-background-enabled":"default","ast-page-background-meta":{"desktop":{"background-color":"var(--ast-global-color-4)","background-image":"","background-repeat":"repeat","background-position":"center center","background-size":"auto","background-attachment":"scroll","background-type":"","background-media":"","overlay-type":"","overlay-color":"","overlay-opacity":"","overlay-gradient":""},"tablet":{"background-color":"","background-image":"","background-repeat":"repeat","background-position":"center center","background-size":"auto","background-attachment":"scroll","background-type":"","background-media":"","overlay-type":"","overlay-color":"","overlay-opacity":"","overlay-gradient":""},"mobile":{"background-color":"","background-image":"","background-repeat":"repeat","background-position":"center center","background-size":"auto","background-attachment":"scroll","background-type":"","background-media":"","overlay-type":"","overlay-color":"","overlay-opacity":"","overlay-gradient":""}},"ast-content-background-meta":{"desktop":{"background-color":"var(--ast-global-color-5)","background-image":"","background-repeat":"repeat","background-position":"center center","background-size":"auto","background-attachment":"scroll","background-type":"","background-media":"","overlay-type":"","overlay-color":"","overlay-opacity":"","overlay-gradient":""},"tablet":{"background-color":"var(--ast-global-color-5)","background-image":"","background-repeat":"repeat","background-position":"center center","background-size":"auto","background-attachment":"scroll","background-type":"","background-media":"","overlay-type":"","overlay-color":"","overlay-opacity":"","overlay-gradient":""},"mobile":{"background-color":"var(--ast-global-color-5)","background-image":"","background-repeat":"repeat","background-position":"center center","background-size":"auto","background-attachment":"scroll","background-type":"","background-media":"","overlay-type":"","overlay-color":"","overlay-opacity":"","overlay-gradient":""}},"footnotes":""},"class_list":["post-1280","page","type-page","status-publish","hentry"],"acf":[],"_links":{"self":[{"href":"https:\/\/amcisvideo.eu\/de\/wp-json\/wp\/v2\/pages\/1280","targetHints":{"allow":["GET"]}}],"collection":[{"href":"https:\/\/amcisvideo.eu\/de\/wp-json\/wp\/v2\/pages"}],"about":[{"href":"https:\/\/amcisvideo.eu\/de\/wp-json\/wp\/v2\/types\/page"}],"author":[{"embeddable":true,"href":"https:\/\/amcisvideo.eu\/de\/wp-json\/wp\/v2\/users\/1"}],"replies":[{"embeddable":true,"href":"https:\/\/amcisvideo.eu\/de\/wp-json\/wp\/v2\/comments?post=1280"}],"version-history":[{"count":3,"href":"https:\/\/amcisvideo.eu\/de\/wp-json\/wp\/v2\/pages\/1280\/revisions"}],"predecessor-version":[{"id":2593,"href":"https:\/\/amcisvideo.eu\/de\/wp-json\/wp\/v2\/pages\/1280\/revisions\/2593"}],"wp:attachment":[{"href":"https:\/\/amcisvideo.eu\/de\/wp-json\/wp\/v2\/media?parent=1280"}],"curies":[{"name":"wp","href":"https:\/\/api.w.org\/{rel}","templated":true}]}}