{"id":933,"date":"2024-11-09T17:23:21","date_gmt":"2024-11-09T16:23:21","guid":{"rendered":"https:\/\/amcisvideo.eu\/?page_id=933"},"modified":"2024-11-25T20:55:37","modified_gmt":"2024-11-25T19:55:37","slug":"geschichte","status":"publish","type":"page","link":"https:\/\/amcisvideo.eu\/de\/geschichte\/","title":{"rendered":"Geschichte"},"content":{"rendered":"\t\t<div data-elementor-type=\"wp-page\" data-elementor-id=\"933\" class=\"elementor elementor-933\" data-elementor-post-type=\"page\">\n\t\t\t\t<div class=\"elementor-element elementor-element-e1e2bb3 e-flex e-con-boxed e-con e-parent\" data-id=\"e1e2bb3\" data-element_type=\"container\">\n\t\t\t\t\t<div class=\"e-con-inner\">\n\t\t\t\t<div class=\"elementor-element elementor-element-b09f3bf elementor-widget elementor-widget-heading\" data-id=\"b09f3bf\" data-element_type=\"widget\" data-widget_type=\"heading.default\">\n\t\t\t\t<div class=\"elementor-widget-container\">\n\t\t\t\t\t<h1 class=\"elementor-heading-title elementor-size-default\">Geschichte<\/h1>\t\t\t\t<\/div>\n\t\t\t\t<\/div>\n\t\t\t\t\t<\/div>\n\t\t\t\t<\/div>\n\t\t<div class=\"elementor-element elementor-element-13eb8c9 e-flex e-con-boxed e-con e-parent\" data-id=\"13eb8c9\" data-element_type=\"container\">\n\t\t\t\t\t<div class=\"e-con-inner\">\n\t\t\t\t<div class=\"elementor-element elementor-element-bdde67d elementor-widget elementor-widget-text-editor\" data-id=\"bdde67d\" data-element_type=\"widget\" data-widget_type=\"text-editor.default\">\n\t\t\t\t<div class=\"elementor-widget-container\">\n\t\t\t\t\t\t\t\t\t<p>Der Schifflinger Amateurfilmclub AMCIS-VIDEO PRODUCTION (Association des cin\u00e9astes et vid\u00e9astes non-professionnels de Schifflange) wurde 1953 gegr\u00fcndet und ist seit 1954 Mitglied der FGDCA (F\u00e9d\u00e9ration luxembourgeoise des cin\u00e9astes et vid\u00e9astes non-professionnels \u2013 Luxemburg).<\/p><p>1961 gewann AMCIS mit dem Naturfilm \u201eAu bord du sentier\u201c des Clubmitglieds Paul LOUTSCH seine 1. Goldmedaille beim Luxemburger Nationalwettbewerb.<\/p><p>Dies wurde 1970 von der AMCIS-Filmgruppe Chronos-Film mit dem Film \u201eFire\u201c wiederholt und der Film \u201eGartenspuk\u201c von AMCIS-Mitglied Gaston ROLLINGER erhielt im selben Jahr sogar die Bronzemedaille.<\/p><p>1971 wurde der Film \u201eL&#8217;horreur des bois\u201c der Filmgruppe Chronos-Film mit der Silbermedaille ausgezeichnet und 1974 erhielt der Film \u201eDer Sonntag\u201c der Filmgruppe Chronos-Film erneut Silber.<\/p><p>1992 war da das AMCIS-Mitglied Marc ERANG, der mit seinem Film \u201eGwendolyn\u201c erneut die Goldmedaille als bester luxemburgischer Amateurfilm erhielt.<\/p><p>Mittlerweile besteht das Komitee aus 8 Personen, die sich ein bis zweimal pro Woche\u00a0 im Schnitt- und Tonstudio treffen, um an verschiedenen Projekten zu arbeiten, wie zum Beispiel: Schnitt, Schnitt und der Ton des aufgenommenen Materials (Fernsehen, Konzerte, verschiedene Kultur- oder Showorganisationen, lokale Veranstaltungen und Berichte).<\/p><p>Da AMCIS in den letzten Jahren viel in modernste Aufnahmetechnik investiert hat, ist es nun m\u00f6glich, die Filmproduktionen in HD-Qualit\u00e4t zu verarbeiten und die \u00e4lteren Filme in das digitale System zu konvertieren und sogar zu verbessern.<\/p><p>Der 1. Film, der nun an einem solchen Verfahren teilnahm und auch vertont wurde, ist der 16mm-Film \u00fcber die Stadt Schiffleng aus den Jahren 1953-1956, gedreht von den Herren Aloyse CRELOT und Nic. LACHEN. Um diesen Film zu vervollst\u00e4ndigen, wurde eine Diashow von Herrn Raymond KOENIG Bleistiftzeichnungen von alten Geb\u00e4uden aus Schifflingen hinzugef\u00fcgt.<\/p><p>Leztere Zeit wurde sehr viel in die digitale Tontechnik investiert. Somit k\u00f6nnen wir auch eine sehr gute Aufnahme von Ton in unsere Filme beif\u00fcgen.<\/p>\t\t\t\t\t\t\t\t<\/div>\n\t\t\t\t<\/div>\n\t\t\t\t\t<\/div>\n\t\t\t\t<\/div>\n\t\t\t\t<\/div>\n\t\t","protected":false},"excerpt":{"rendered":"<p>Geschichte Der Schifflinger Amateurfilmclub AMCIS-VIDEO PRODUCTION (Association des cin\u00e9astes et vid\u00e9astes non-professionnels de Schifflange) wurde 1953 gegr\u00fcndet und ist seit [&hellip;]<\/p>\n","protected":false},"author":1,"featured_media":0,"parent":0,"menu_order":0,"comment_status":"closed","ping_status":"closed","template":"","meta":{"_acf_changed":false,"_lmt_disableupdate":"","_lmt_disable":"","site-sidebar-layout":"no-sidebar","site-content-layout":"","ast-site-content-layout":"full-width-container","site-content-style":"default","site-sidebar-style":"default","ast-global-header-display":"","ast-banner-title-visibility":"","ast-main-header-display":"","ast-hfb-above-header-display":"","ast-hfb-below-header-display":"","ast-hfb-mobile-header-display":"","site-post-title":"disabled","ast-breadcrumbs-content":"","ast-featured-img":"disabled","footer-sml-layout":"","theme-transparent-header-meta":"","adv-header-id-meta":"","stick-header-meta":"","header-above-stick-meta":"","header-main-stick-meta":"","header-below-stick-meta":"","astra-migrate-meta-layouts":"default","ast-page-background-enabled":"default","ast-page-background-meta":{"desktop":{"background-color":"var(--ast-global-color-4)","background-image":"","background-repeat":"repeat","background-position":"center center","background-size":"auto","background-attachment":"scroll","background-type":"","background-media":"","overlay-type":"","overlay-color":"","overlay-opacity":"","overlay-gradient":""},"tablet":{"background-color":"","background-image":"","background-repeat":"repeat","background-position":"center center","background-size":"auto","background-attachment":"scroll","background-type":"","background-media":"","overlay-type":"","overlay-color":"","overlay-opacity":"","overlay-gradient":""},"mobile":{"background-color":"","background-image":"","background-repeat":"repeat","background-position":"center center","background-size":"auto","background-attachment":"scroll","background-type":"","background-media":"","overlay-type":"","overlay-color":"","overlay-opacity":"","overlay-gradient":""}},"ast-content-background-meta":{"desktop":{"background-color":"var(--ast-global-color-5)","background-image":"","background-repeat":"repeat","background-position":"center center","background-size":"auto","background-attachment":"scroll","background-type":"","background-media":"","overlay-type":"","overlay-color":"","overlay-opacity":"","overlay-gradient":""},"tablet":{"background-color":"var(--ast-global-color-5)","background-image":"","background-repeat":"repeat","background-position":"center center","background-size":"auto","background-attachment":"scroll","background-type":"","background-media":"","overlay-type":"","overlay-color":"","overlay-opacity":"","overlay-gradient":""},"mobile":{"background-color":"var(--ast-global-color-5)","background-image":"","background-repeat":"repeat","background-position":"center center","background-size":"auto","background-attachment":"scroll","background-type":"","background-media":"","overlay-type":"","overlay-color":"","overlay-opacity":"","overlay-gradient":""}},"footnotes":""},"class_list":["post-933","page","type-page","status-publish","hentry"],"acf":[],"_links":{"self":[{"href":"https:\/\/amcisvideo.eu\/de\/wp-json\/wp\/v2\/pages\/933","targetHints":{"allow":["GET"]}}],"collection":[{"href":"https:\/\/amcisvideo.eu\/de\/wp-json\/wp\/v2\/pages"}],"about":[{"href":"https:\/\/amcisvideo.eu\/de\/wp-json\/wp\/v2\/types\/page"}],"author":[{"embeddable":true,"href":"https:\/\/amcisvideo.eu\/de\/wp-json\/wp\/v2\/users\/1"}],"replies":[{"embeddable":true,"href":"https:\/\/amcisvideo.eu\/de\/wp-json\/wp\/v2\/comments?post=933"}],"version-history":[{"count":4,"href":"https:\/\/amcisvideo.eu\/de\/wp-json\/wp\/v2\/pages\/933\/revisions"}],"predecessor-version":[{"id":1171,"href":"https:\/\/amcisvideo.eu\/de\/wp-json\/wp\/v2\/pages\/933\/revisions\/1171"}],"wp:attachment":[{"href":"https:\/\/amcisvideo.eu\/de\/wp-json\/wp\/v2\/media?parent=933"}],"curies":[{"name":"wp","href":"https:\/\/api.w.org\/{rel}","templated":true}]}}