{"id":1646,"date":"2024-11-09T17:23:21","date_gmt":"2024-11-09T16:23:21","guid":{"rendered":"https:\/\/amcisvideo.eu\/history\/"},"modified":"2024-12-24T14:52:27","modified_gmt":"2024-12-24T13:52:27","slug":"history","status":"publish","type":"page","link":"https:\/\/amcisvideo.eu\/en\/history\/","title":{"rendered":"History"},"content":{"rendered":"\t\t<div data-elementor-type=\"wp-page\" data-elementor-id=\"1646\" class=\"elementor elementor-1646 elementor-933\" data-elementor-post-type=\"page\">\n\t\t\t\t<div class=\"elementor-element elementor-element-e1e2bb3 e-flex e-con-boxed e-con e-parent\" data-id=\"e1e2bb3\" data-element_type=\"container\">\n\t\t\t\t\t<div class=\"e-con-inner\">\n\t\t\t\t<div class=\"elementor-element elementor-element-b09f3bf elementor-widget elementor-widget-heading\" data-id=\"b09f3bf\" data-element_type=\"widget\" data-widget_type=\"heading.default\">\n\t\t\t\t<div class=\"elementor-widget-container\">\n\t\t\t\t\t<h1 class=\"elementor-heading-title elementor-size-default\">History<\/h1>\t\t\t\t<\/div>\n\t\t\t\t<\/div>\n\t\t\t\t\t<\/div>\n\t\t\t\t<\/div>\n\t\t<div class=\"elementor-element elementor-element-13eb8c9 e-flex e-con-boxed e-con e-parent\" data-id=\"13eb8c9\" data-element_type=\"container\">\n\t\t\t\t\t<div class=\"e-con-inner\">\n\t\t\t\t<div class=\"elementor-element elementor-element-bdde67d elementor-widget elementor-widget-text-editor\" data-id=\"bdde67d\" data-element_type=\"widget\" data-widget_type=\"text-editor.default\">\n\t\t\t\t<div class=\"elementor-widget-container\">\n\t\t\t\t\t\t\t\t\t<p>The Schifflange amateur film club AMCIS-VIDEO PRODUCTION (Association des cin\u00e9astes et vid\u00e9astes non-professionnels de Schifflange) was founded in 1953 and has been a member of the FGDCA (F\u00e9d\u00e9ration luxembourgeoise des cin\u00e9astes et vid\u00e9astes non-professionnels &#8211; Luxembourg) since 1954.<\/p>\n<p>In 1961, AMCIS won its first gold medal at the Luxembourg National Competition with the nature film &#8220;Au bord du sentier&#8221; by club member Paul LOUTSCH.<\/p>\n<p>This was repeated in 1970 by the AMCIS film group Chronos-Film with the film &#8220;Fire&#8221; and the film &#8220;Gartenspuk&#8221; by AMCIS member Gaston ROLLINGER even received the bronze medal in the same year.<\/p>\n<p>In 1971 the film &#8220;L&#8217;horreur des bois&#8221; by the film group Chronos-Film was awarded the silver medal and in 1974 the film &#8220;Der Sonntag&#8221; by the film group Chronos-Film was again awarded silver.<\/p>\n<p>In 1992, AMCIS member Marc ERANG was again awarded the gold medal for best Luxembourgish amateur film with his film &#8220;Gwendolyn&#8221;.<\/p>\n<p>Meanwhile, the committee consists of 8 people who meet once or twice a week in the editing and sound studio to work on various projects, such as: editing, cutting and the sound of the recorded material (television, concerts, various cultural or show organizations, local events and reports).<\/p>\n<p>As AMCIS has invested heavily in state-of-the-art recording technology in recent years, it is now possible to process film productions in HD quality and to convert older films into the digital system and even improve them.<\/p>\n<p>The first film to take part in such a process and to be set to music is the 16mm film about the town of Schiffleng from 1953-1956, shot by Mr. Aloyse CRELOT and Mr. Nic. LACHEN. To complete this film, a slide show of Mr. Raymond KOENIG&#8217;s pencil drawings of old buildings from Schifflingen was added.  <\/p>\n<p>Recently we have invested a lot in digital sound technology. This means that we can also include a very good sound recording in our films. <\/p>\n\t\t\t\t\t\t\t\t<\/div>\n\t\t\t\t<\/div>\n\t\t\t\t\t<\/div>\n\t\t\t\t<\/div>\n\t\t\t\t<\/div>\n\t\t","protected":false},"excerpt":{"rendered":"<p>History The Schifflange amateur film club AMCIS-VIDEO PRODUCTION (Association des cin\u00e9astes et vid\u00e9astes non-professionnels de Schifflange) was founded in 1953 [&hellip;]<\/p>\n","protected":false},"author":1,"featured_media":0,"parent":0,"menu_order":0,"comment_status":"closed","ping_status":"closed","template":"","meta":{"_acf_changed":false,"_lmt_disableupdate":"","_lmt_disable":"","site-sidebar-layout":"no-sidebar","site-content-layout":"","ast-site-content-layout":"full-width-container","site-content-style":"default","site-sidebar-style":"default","ast-global-header-display":"","ast-banner-title-visibility":"","ast-main-header-display":"","ast-hfb-above-header-display":"","ast-hfb-below-header-display":"","ast-hfb-mobile-header-display":"","site-post-title":"disabled","ast-breadcrumbs-content":"","ast-featured-img":"disabled","footer-sml-layout":"","theme-transparent-header-meta":"","adv-header-id-meta":"","stick-header-meta":"","header-above-stick-meta":"","header-main-stick-meta":"","header-below-stick-meta":"","astra-migrate-meta-layouts":"default","ast-page-background-enabled":"default","ast-page-background-meta":{"desktop":{"background-color":"var(--ast-global-color-4)","background-image":"","background-repeat":"repeat","background-position":"center center","background-size":"auto","background-attachment":"scroll","background-type":"","background-media":"","overlay-type":"","overlay-color":"","overlay-opacity":"","overlay-gradient":""},"tablet":{"background-color":"","background-image":"","background-repeat":"repeat","background-position":"center center","background-size":"auto","background-attachment":"scroll","background-type":"","background-media":"","overlay-type":"","overlay-color":"","overlay-opacity":"","overlay-gradient":""},"mobile":{"background-color":"","background-image":"","background-repeat":"repeat","background-position":"center center","background-size":"auto","background-attachment":"scroll","background-type":"","background-media":"","overlay-type":"","overlay-color":"","overlay-opacity":"","overlay-gradient":""}},"ast-content-background-meta":{"desktop":{"background-color":"var(--ast-global-color-5)","background-image":"","background-repeat":"repeat","background-position":"center center","background-size":"auto","background-attachment":"scroll","background-type":"","background-media":"","overlay-type":"","overlay-color":"","overlay-opacity":"","overlay-gradient":""},"tablet":{"background-color":"var(--ast-global-color-5)","background-image":"","background-repeat":"repeat","background-position":"center center","background-size":"auto","background-attachment":"scroll","background-type":"","background-media":"","overlay-type":"","overlay-color":"","overlay-opacity":"","overlay-gradient":""},"mobile":{"background-color":"var(--ast-global-color-5)","background-image":"","background-repeat":"repeat","background-position":"center center","background-size":"auto","background-attachment":"scroll","background-type":"","background-media":"","overlay-type":"","overlay-color":"","overlay-opacity":"","overlay-gradient":""}},"footnotes":""},"class_list":["post-1646","page","type-page","status-publish","hentry"],"acf":[],"_links":{"self":[{"href":"https:\/\/amcisvideo.eu\/en\/wp-json\/wp\/v2\/pages\/1646","targetHints":{"allow":["GET"]}}],"collection":[{"href":"https:\/\/amcisvideo.eu\/en\/wp-json\/wp\/v2\/pages"}],"about":[{"href":"https:\/\/amcisvideo.eu\/en\/wp-json\/wp\/v2\/types\/page"}],"author":[{"embeddable":true,"href":"https:\/\/amcisvideo.eu\/en\/wp-json\/wp\/v2\/users\/1"}],"replies":[{"embeddable":true,"href":"https:\/\/amcisvideo.eu\/en\/wp-json\/wp\/v2\/comments?post=1646"}],"version-history":[{"count":1,"href":"https:\/\/amcisvideo.eu\/en\/wp-json\/wp\/v2\/pages\/1646\/revisions"}],"predecessor-version":[{"id":1647,"href":"https:\/\/amcisvideo.eu\/en\/wp-json\/wp\/v2\/pages\/1646\/revisions\/1647"}],"wp:attachment":[{"href":"https:\/\/amcisvideo.eu\/en\/wp-json\/wp\/v2\/media?parent=1646"}],"curies":[{"name":"wp","href":"https:\/\/api.w.org\/{rel}","templated":true}]}}