{"id":1642,"date":"2024-11-26T14:39:14","date_gmt":"2024-11-26T13:39:14","guid":{"rendered":"https:\/\/amcisvideo.eu\/protection-des-donnees\/"},"modified":"2024-12-24T14:51:12","modified_gmt":"2024-12-24T13:51:12","slug":"protection-des-donnees","status":"publish","type":"page","link":"https:\/\/amcisvideo.eu\/fr\/protection-des-donnees\/","title":{"rendered":"Protection des donn\u00e9es"},"content":{"rendered":"\t\t<div data-elementor-type=\"wp-page\" data-elementor-id=\"1642\" class=\"elementor elementor-1642 elementor-1258\" data-elementor-post-type=\"page\">\n\t\t\t\t<div class=\"elementor-element elementor-element-a3e22d4 e-flex e-con-boxed e-con e-parent\" data-id=\"a3e22d4\" data-element_type=\"container\">\n\t\t\t\t\t<div class=\"e-con-inner\">\n\t\t\t\t<div class=\"elementor-element elementor-element-9d77d2e elementor-widget elementor-widget-text-editor\" data-id=\"9d77d2e\" data-element_type=\"widget\" data-widget_type=\"text-editor.default\">\n\t\t\t\t<div class=\"elementor-widget-container\">\n\t\t\t\t\t\t\t\t\t<p>Date de derni\u00e8re modification : 26\/11\/2024<\/p>\n<p>En naviguant sur le site amcis.lu, vous acceptez que l&rsquo;AMCIS puisse collecter et traiter des donn\u00e9es personnelles vous concernant.<\/p>\n<p>Nous sommes convaincus de l&rsquo;importance de la protection des donn\u00e9es. C&rsquo;est pourquoi nous concevons et fournissons nos services en tenant compte de la protection de votre vie priv\u00e9e. La pr\u00e9sente politique de confidentialit\u00e9 d\u00e9crit les types de donn\u00e9es personnelles que nous collectons, la mani\u00e8re dont nous les utilisons et la fa\u00e7on dont la protection de ces donn\u00e9es et de vos droits est assur\u00e9e.<\/p>\n<p>QUELLES DONN\u00c9ES SONT COLLECT\u00c9ES SUR NOTRE SITE WEB ?<\/p>\n<p>Si vous ne faites que visiter notre site, Garage Binsfeld ne recueille aucune donn\u00e9e personnelle vous concernant, sauf dans le cadre de l&rsquo;utilisation de cookies.<\/p>\n<p>Nous collectons les informations que vous nous fournissez, notamment lorsque :<\/p>\n<p>vous remplissez le formulaire de contact.<\/p>\n<p>Les donn\u00e9es \u00e0 caract\u00e8re personnel que nous sommes susceptibles de collecter et de traiter incluent notamment<\/p>\n<p>Nom ;<br \/>Pr\u00e9nom ;<br \/>Adresse \u00e9lectronique ;<br \/>Num\u00e9ro de t\u00e9l\u00e9phone.<br \/>Vous remplissez le formulaire pour une demande de renseignements ou pour recevoir une carte de membre.<\/p>\n<p>Les donn\u00e9es \u00e0 caract\u00e8re personnel que nous pouvons collecter et traiter comprennent notamment<\/p>\n<p>Nom ;<br \/>Pr\u00e9nom ;<br \/>Adresse \u00e9lectronique ;<br \/>Num\u00e9ro de t\u00e9l\u00e9phone.<br \/>R\u00c9CEPTEUR DES DONN\u00c9ES<\/p>\n<p>Les donn\u00e9es collect\u00e9es sur le site amcis.lu sont exclusivement destin\u00e9es \u00e0 AMCIS.<\/p><\/p>\n\t\t\t\t\t\t\t\t<\/div>\n\t\t\t\t<\/div>\n\t\t\t\t\t<\/div>\n\t\t\t\t<\/div>\n\t\t\t\t<\/div>\n\t\t","protected":false},"excerpt":{"rendered":"<p>Date de derni\u00e8re modification : 26\/11\/2024 En naviguant sur le site amcis.lu, vous acceptez que l&rsquo;AMCIS puisse collecter et traiter [&hellip;]<\/p>\n","protected":false},"author":1,"featured_media":0,"parent":0,"menu_order":0,"comment_status":"closed","ping_status":"closed","template":"","meta":{"_acf_changed":false,"_lmt_disableupdate":"","_lmt_disable":"","site-sidebar-layout":"no-sidebar","site-content-layout":"","ast-site-content-layout":"full-width-container","site-content-style":"default","site-sidebar-style":"default","ast-global-header-display":"","ast-banner-title-visibility":"","ast-main-header-display":"","ast-hfb-above-header-display":"","ast-hfb-below-header-display":"","ast-hfb-mobile-header-display":"","site-post-title":"disabled","ast-breadcrumbs-content":"","ast-featured-img":"disabled","footer-sml-layout":"","theme-transparent-header-meta":"","adv-header-id-meta":"","stick-header-meta":"","header-above-stick-meta":"","header-main-stick-meta":"","header-below-stick-meta":"","astra-migrate-meta-layouts":"default","ast-page-background-enabled":"default","ast-page-background-meta":{"desktop":{"background-color":"var(--ast-global-color-4)","background-image":"","background-repeat":"repeat","background-position":"center center","background-size":"auto","background-attachment":"scroll","background-type":"","background-media":"","overlay-type":"","overlay-color":"","overlay-opacity":"","overlay-gradient":""},"tablet":{"background-color":"","background-image":"","background-repeat":"repeat","background-position":"center center","background-size":"auto","background-attachment":"scroll","background-type":"","background-media":"","overlay-type":"","overlay-color":"","overlay-opacity":"","overlay-gradient":""},"mobile":{"background-color":"","background-image":"","background-repeat":"repeat","background-position":"center center","background-size":"auto","background-attachment":"scroll","background-type":"","background-media":"","overlay-type":"","overlay-color":"","overlay-opacity":"","overlay-gradient":""}},"ast-content-background-meta":{"desktop":{"background-color":"var(--ast-global-color-5)","background-image":"","background-repeat":"repeat","background-position":"center center","background-size":"auto","background-attachment":"scroll","background-type":"","background-media":"","overlay-type":"","overlay-color":"","overlay-opacity":"","overlay-gradient":""},"tablet":{"background-color":"var(--ast-global-color-5)","background-image":"","background-repeat":"repeat","background-position":"center center","background-size":"auto","background-attachment":"scroll","background-type":"","background-media":"","overlay-type":"","overlay-color":"","overlay-opacity":"","overlay-gradient":""},"mobile":{"background-color":"var(--ast-global-color-5)","background-image":"","background-repeat":"repeat","background-position":"center center","background-size":"auto","background-attachment":"scroll","background-type":"","background-media":"","overlay-type":"","overlay-color":"","overlay-opacity":"","overlay-gradient":""}},"footnotes":""},"class_list":["post-1642","page","type-page","status-publish","hentry"],"acf":[],"_links":{"self":[{"href":"https:\/\/amcisvideo.eu\/fr\/wp-json\/wp\/v2\/pages\/1642","targetHints":{"allow":["GET"]}}],"collection":[{"href":"https:\/\/amcisvideo.eu\/fr\/wp-json\/wp\/v2\/pages"}],"about":[{"href":"https:\/\/amcisvideo.eu\/fr\/wp-json\/wp\/v2\/types\/page"}],"author":[{"embeddable":true,"href":"https:\/\/amcisvideo.eu\/fr\/wp-json\/wp\/v2\/users\/1"}],"replies":[{"embeddable":true,"href":"https:\/\/amcisvideo.eu\/fr\/wp-json\/wp\/v2\/comments?post=1642"}],"version-history":[{"count":1,"href":"https:\/\/amcisvideo.eu\/fr\/wp-json\/wp\/v2\/pages\/1642\/revisions"}],"predecessor-version":[{"id":1643,"href":"https:\/\/amcisvideo.eu\/fr\/wp-json\/wp\/v2\/pages\/1642\/revisions\/1643"}],"wp:attachment":[{"href":"https:\/\/amcisvideo.eu\/fr\/wp-json\/wp\/v2\/media?parent=1642"}],"curies":[{"name":"wp","href":"https:\/\/api.w.org\/{rel}","templated":true}]}}