{"id":1648,"date":"2024-11-09T17:23:21","date_gmt":"2024-11-09T16:23:21","guid":{"rendered":"https:\/\/amcisvideo.eu\/histoire\/"},"modified":"2024-12-24T14:52:43","modified_gmt":"2024-12-24T13:52:43","slug":"histoire","status":"publish","type":"page","link":"https:\/\/amcisvideo.eu\/fr\/histoire\/","title":{"rendered":"Histoire"},"content":{"rendered":"\t\t<div data-elementor-type=\"wp-page\" data-elementor-id=\"1648\" class=\"elementor elementor-1648 elementor-933\" data-elementor-post-type=\"page\">\n\t\t\t\t<div class=\"elementor-element elementor-element-e1e2bb3 e-flex e-con-boxed e-con e-parent\" data-id=\"e1e2bb3\" data-element_type=\"container\">\n\t\t\t\t\t<div class=\"e-con-inner\">\n\t\t\t\t<div class=\"elementor-element elementor-element-b09f3bf elementor-widget elementor-widget-heading\" data-id=\"b09f3bf\" data-element_type=\"widget\" data-widget_type=\"heading.default\">\n\t\t\t\t<div class=\"elementor-widget-container\">\n\t\t\t\t\t<h1 class=\"elementor-heading-title elementor-size-default\">Histoire<\/h1>\t\t\t\t<\/div>\n\t\t\t\t<\/div>\n\t\t\t\t\t<\/div>\n\t\t\t\t<\/div>\n\t\t<div class=\"elementor-element elementor-element-13eb8c9 e-flex e-con-boxed e-con e-parent\" data-id=\"13eb8c9\" data-element_type=\"container\">\n\t\t\t\t\t<div class=\"e-con-inner\">\n\t\t\t\t<div class=\"elementor-element elementor-element-bdde67d elementor-widget elementor-widget-text-editor\" data-id=\"bdde67d\" data-element_type=\"widget\" data-widget_type=\"text-editor.default\">\n\t\t\t\t<div class=\"elementor-widget-container\">\n\t\t\t\t\t\t\t\t\t<p>Le cin\u00e9-club amateur de Schifflange AMCIS-VIDEO PRODUCTION (Association des cin\u00e9astes et vid\u00e9astes non-professionnels de Schifflange) a \u00e9t\u00e9 fond\u00e9 en 1953 et est membre de la FGDCA (F\u00e9d\u00e9ration luxembourgeoise des cin\u00e9astes et vid\u00e9astes non-professionnels &#8211; Luxembourg) depuis 1954.<\/p>\n<p>En 1961, AMCIS a remport\u00e9 sa 1\u00e8re m\u00e9daille d&rsquo;or au concours national luxembourgeois avec le film sur la nature \u00ab\u00a0Au bord du sentier\u00a0\u00bb du membre du club Paul LOUTSCH.<\/p>\n<p>Cela a \u00e9t\u00e9 r\u00e9it\u00e9r\u00e9 en 1970 par le groupe de film AMCIS Chronos-Film avec le film \u00ab\u00a0Fire\u00a0\u00bb et le film \u00ab\u00a0Gartenspuk\u00a0\u00bb de Gaston ROLLINGER, membre de l&rsquo;AMCIS, a m\u00eame re\u00e7u la m\u00e9daille de bronze la m\u00eame ann\u00e9e.<\/p>\n<p>En 1971, le film \u00ab\u00a0L&rsquo;horreur des bois\u00a0\u00bb du groupe de films Chronos-Film a re\u00e7u la m\u00e9daille d&rsquo;argent et en 1974, le film \u00ab\u00a0Der Sonntag\u00a0\u00bb du groupe de films Chronos-Film a de nouveau re\u00e7u la m\u00e9daille d&rsquo;argent.<\/p>\n<p>En 1992, il y avait Marc ERANG, membre de l&rsquo;AMCIS, qui a de nouveau re\u00e7u la m\u00e9daille d&rsquo;or du meilleur film amateur luxembourgeois avec son film \u00ab\u00a0Gwendolyn\u00a0\u00bb.<\/p>\n<p>D\u00e9sormais, le comit\u00e9 est compos\u00e9 de 8 personnes qui se r\u00e9unissent une \u00e0 deux fois par semaine dans le studio de montage et d&rsquo;enregistrement pour travailler sur diff\u00e9rents projets, tels que : le montage, l&rsquo;\u00e9dition et le son du mat\u00e9riel enregistr\u00e9 (t\u00e9l\u00e9vision, concerts, diverses organisations culturelles ou de spectacles, \u00e9v\u00e9nements et reportages locaux).<\/p>\n<p>Comme AMCIS a beaucoup investi ces derni\u00e8res ann\u00e9es dans des techniques d&rsquo;enregistrement de pointe, il est d\u00e9sormais possible de traiter les productions cin\u00e9matographiques en qualit\u00e9 HD et de convertir les films plus anciens au syst\u00e8me num\u00e9rique, voire de les am\u00e9liorer.<\/p>\n<p>Le 1er film qui a particip\u00e9 \u00e0 une telle proc\u00e9dure et qui a \u00e9t\u00e9 sonoris\u00e9 est le film 16mm sur la ville de Schiffleng des ann\u00e9es 1953-1956, tourn\u00e9 par Messieurs Aloyse CRELOT et Nic. RIRE. Pour compl\u00e9ter ce film, un diaporama de dessins au crayon de M. Raymond KOENIG repr\u00e9sentant d&rsquo;anciens b\u00e2timents de Schifflange a \u00e9t\u00e9 ajout\u00e9.<\/p>\n<p>Ces derniers temps, nous avons beaucoup investi dans la technologie du son num\u00e9rique. Ainsi, nous pouvons \u00e9galement inclure un tr\u00e8s bon enregistrement du son dans nos films.<\/p>\n\t\t\t\t\t\t\t\t<\/div>\n\t\t\t\t<\/div>\n\t\t\t\t\t<\/div>\n\t\t\t\t<\/div>\n\t\t\t\t<\/div>\n\t\t","protected":false},"excerpt":{"rendered":"<p>Histoire Le cin\u00e9-club amateur de Schifflange AMCIS-VIDEO PRODUCTION (Association des cin\u00e9astes et vid\u00e9astes non-professionnels de Schifflange) a \u00e9t\u00e9 fond\u00e9 en [&hellip;]<\/p>\n","protected":false},"author":1,"featured_media":0,"parent":0,"menu_order":0,"comment_status":"closed","ping_status":"closed","template":"","meta":{"_acf_changed":false,"_lmt_disableupdate":"","_lmt_disable":"","site-sidebar-layout":"no-sidebar","site-content-layout":"","ast-site-content-layout":"full-width-container","site-content-style":"default","site-sidebar-style":"default","ast-global-header-display":"","ast-banner-title-visibility":"","ast-main-header-display":"","ast-hfb-above-header-display":"","ast-hfb-below-header-display":"","ast-hfb-mobile-header-display":"","site-post-title":"disabled","ast-breadcrumbs-content":"","ast-featured-img":"disabled","footer-sml-layout":"","theme-transparent-header-meta":"","adv-header-id-meta":"","stick-header-meta":"","header-above-stick-meta":"","header-main-stick-meta":"","header-below-stick-meta":"","astra-migrate-meta-layouts":"default","ast-page-background-enabled":"default","ast-page-background-meta":{"desktop":{"background-color":"var(--ast-global-color-4)","background-image":"","background-repeat":"repeat","background-position":"center center","background-size":"auto","background-attachment":"scroll","background-type":"","background-media":"","overlay-type":"","overlay-color":"","overlay-opacity":"","overlay-gradient":""},"tablet":{"background-color":"","background-image":"","background-repeat":"repeat","background-position":"center center","background-size":"auto","background-attachment":"scroll","background-type":"","background-media":"","overlay-type":"","overlay-color":"","overlay-opacity":"","overlay-gradient":""},"mobile":{"background-color":"","background-image":"","background-repeat":"repeat","background-position":"center center","background-size":"auto","background-attachment":"scroll","background-type":"","background-media":"","overlay-type":"","overlay-color":"","overlay-opacity":"","overlay-gradient":""}},"ast-content-background-meta":{"desktop":{"background-color":"var(--ast-global-color-5)","background-image":"","background-repeat":"repeat","background-position":"center center","background-size":"auto","background-attachment":"scroll","background-type":"","background-media":"","overlay-type":"","overlay-color":"","overlay-opacity":"","overlay-gradient":""},"tablet":{"background-color":"var(--ast-global-color-5)","background-image":"","background-repeat":"repeat","background-position":"center center","background-size":"auto","background-attachment":"scroll","background-type":"","background-media":"","overlay-type":"","overlay-color":"","overlay-opacity":"","overlay-gradient":""},"mobile":{"background-color":"var(--ast-global-color-5)","background-image":"","background-repeat":"repeat","background-position":"center center","background-size":"auto","background-attachment":"scroll","background-type":"","background-media":"","overlay-type":"","overlay-color":"","overlay-opacity":"","overlay-gradient":""}},"footnotes":""},"class_list":["post-1648","page","type-page","status-publish","hentry"],"acf":[],"_links":{"self":[{"href":"https:\/\/amcisvideo.eu\/fr\/wp-json\/wp\/v2\/pages\/1648","targetHints":{"allow":["GET"]}}],"collection":[{"href":"https:\/\/amcisvideo.eu\/fr\/wp-json\/wp\/v2\/pages"}],"about":[{"href":"https:\/\/amcisvideo.eu\/fr\/wp-json\/wp\/v2\/types\/page"}],"author":[{"embeddable":true,"href":"https:\/\/amcisvideo.eu\/fr\/wp-json\/wp\/v2\/users\/1"}],"replies":[{"embeddable":true,"href":"https:\/\/amcisvideo.eu\/fr\/wp-json\/wp\/v2\/comments?post=1648"}],"version-history":[{"count":1,"href":"https:\/\/amcisvideo.eu\/fr\/wp-json\/wp\/v2\/pages\/1648\/revisions"}],"predecessor-version":[{"id":1649,"href":"https:\/\/amcisvideo.eu\/fr\/wp-json\/wp\/v2\/pages\/1648\/revisions\/1649"}],"wp:attachment":[{"href":"https:\/\/amcisvideo.eu\/fr\/wp-json\/wp\/v2\/media?parent=1648"}],"curies":[{"name":"wp","href":"https:\/\/api.w.org\/{rel}","templated":true}]}}