{"id":1652,"date":"2024-11-26T14:39:40","date_gmt":"2024-11-26T13:39:40","guid":{"rendered":"https:\/\/amcisvideo.eu\/mentions-legales\/"},"modified":"2024-12-24T15:00:40","modified_gmt":"2024-12-24T14:00:40","slug":"mentions-legales","status":"publish","type":"page","link":"https:\/\/amcisvideo.eu\/fr\/mentions-legales\/","title":{"rendered":"Mentions l\u00e9gales"},"content":{"rendered":"\t\t<div data-elementor-type=\"wp-page\" data-elementor-id=\"1652\" class=\"elementor elementor-1652 elementor-1260\" data-elementor-post-type=\"page\">\n\t\t\t\t<div class=\"elementor-element elementor-element-2d4ff64 e-flex e-con-boxed e-con e-parent\" data-id=\"2d4ff64\" data-element_type=\"container\">\n\t\t\t\t\t<div class=\"e-con-inner\">\n\t\t\t\t<div class=\"elementor-element elementor-element-c5d166d elementor-widget elementor-widget-text-editor\" data-id=\"c5d166d\" data-element_type=\"widget\" data-widget_type=\"text-editor.default\">\n\t\t\t\t<div class=\"elementor-widget-container\">\n\t\t\t\t\t\t\t\t\t<h1>Mentions l\u00e9gales<\/h1>\n<p class=\"introduction\">Nous vous indiquons ici qui est responsable de ce site Internet, qui est responsable du contenu de ce site, ce qu&rsquo;il en est des droits d&rsquo;auteur sur ces pages et comment prendre contact avec nous en toute s\u00e9curit\u00e9.<\/p>\n<hr>\n<h3>1. fournisseur de services responsable<\/h3>\n<p>Le responsable de la pr\u00e9sentation Internet est AMCIS-Vid\u00e9o asbl<\/p>\n<p><b>AMCIS-Vid\u00e9o asbl<\/b><br \/>Pr\u00e9sident : Gilbert Hommel<br \/>3, rue de Chauffailles L-4406 Belvaux<\/p>\n<p><span class=\"tab50\">T\u00e9l\u00e9phone :<\/span> +352 621 161 424<br \/><span class=\"tab50\">E-mail :<\/span> hgilbert@pt.lu<\/p>\n<hr>\n<h3>\n            <span style=\"color: var(--ast-global-color-2); font-size: 1.5rem; font-style: inherit; font-family: var( --e-global-typography-text-font-family ), Sans-serif; text-align: var(--text-align); background-color: var(--ast-global-color-5);\">1. responsabilit\u00e9 du contenu<\/span><br \/>\n          <\/h3>\n<p>Le contenu de ce site Internet a \u00e9t\u00e9 recherch\u00e9 et mis en \u0153uvre avec le plus grand soin. Des erreurs dans le processus de traitement ne peuvent toutefois pas \u00eatre exclues. Malgr\u00e9 un contr\u00f4le minutieux, aucune responsabilit\u00e9 ne peut \u00eatre assum\u00e9e quant \u00e0 l&rsquo;exactitude, l&rsquo;exhaustivit\u00e9 et l&rsquo;actualit\u00e9 de ce site Internet. Nous d\u00e9clinons toute responsabilit\u00e9 pour d&rsquo;\u00e9ventuels dommages ou cons\u00e9quences r\u00e9sultant de l&rsquo;utilisation directe ou indirecte des contenus propos\u00e9s. En tant que fournisseur de contenu, nous sommes responsables de notre propre contenu, que nous mettons \u00e0 disposition pour utilisation, conform\u00e9ment \u00e0 la l\u00e9gislation g\u00e9n\u00e9rale. Il convient de distinguer ces contenus propres de nos renvois et r\u00e9f\u00e9rences crois\u00e9es (\u00ab\u00a0liens externes\u00a0\u00bb) vers les contenus mis \u00e0 disposition par d&rsquo;autres prestataires de services. Ces contenus \u00e9trangers ne proviennent pas de nous et nous n&rsquo;avons pas la possibilit\u00e9 d&rsquo;influencer le contenu des pages de tiers. Le contenu des pages de tiers auxquelles nous renvoyons par le biais de liens ne refl\u00e8te pas notre opinion, mais sert uniquement \u00e0 l&rsquo;information et \u00e0 la pr\u00e9sentation de contextes. Nous ne sommes pas responsables des contenus \u00e9trangers auxquels nous ne faisons que renvoyer dans le sens indiqu\u00e9 ci-dessus. La responsabilit\u00e9 incombe uniquement au fournisseur du contenu.<\/p>\n<h3>2. droits d&rsquo;auteur<\/h3>\n<p>Tous les contenus publi\u00e9s sur ce site (c&rsquo;est-\u00e0-dire les textes, les images, les graphiques, la mise en page, etc.) sont soumis au droit d&rsquo;auteur. Toute utilisation non autoris\u00e9e par la loi sur les droits d&rsquo;auteur n\u00e9cessite notre accord \u00e9crit pr\u00e9alable ou requiert l&rsquo;autorisation des ayants droit respectifs. Cela s&rsquo;applique \u00e9galement et en particulier au traitement, \u00e0 la traduction, \u00e0 la reproduction, \u00e0 l&rsquo;enregistrement, au traitement ou \u00e0 la reproduction de contenus dans des bases de donn\u00e9es ou d&rsquo;autres m\u00e9dias et syst\u00e8mes \u00e9lectroniques. La cr\u00e9ation de liens vers notre site Internet est en principe autoris\u00e9e sans que notre accord pr\u00e9alable soit n\u00e9cessaire. Nous n&rsquo;autorisons pas le cadrage de nos pages. La reproduction ou la transmission non autoris\u00e9e de certains contenus ou de pages enti\u00e8res fera l&rsquo;objet de poursuites p\u00e9nales et civiles. Copyright \u00a9 2024. AMCIS-Vid\u00e9o asbl, Tous droits r\u00e9serv\u00e9s.<\/p>\n<h3>3. nous contacter<\/h3>\n<p>La communication par courrier \u00e9lectronique peut pr\u00e9senter des failles de s\u00e9curit\u00e9. Les courriers \u00e9lectroniques &#8211; non crypt\u00e9s, ils correspondent \u00e0 l&rsquo;envoi d&rsquo;une carte postale &#8211; peuvent \u00eatre intercept\u00e9s et consult\u00e9s par des tiers internautes avertis lors de leur acheminement vers nous. Si nous recevons un e-mail de votre part, nous pouvons supposer que nous sommes autoris\u00e9s \u00e0 y r\u00e9pondre par un simple e-mail. Dans le cas contraire, nous devons vous renvoyer express\u00e9ment \u00e0 un autre mode de communication. Dans l&rsquo;espace client, en particulier apr\u00e8s la \u00ab\u00a0connexion\u00a0\u00bb, nous utilisons dans tous les cas une technique de transmission s\u00e9curis\u00e9e (par ex. connexion par cryptage SSL), ce que vous pouvez reconna\u00eetre aux param\u00e8tres correspondants du navigateur lorsque vous entrez et sortez d&rsquo;une connexion s\u00e9curis\u00e9e par SSL.<\/p><\/p>\n\t\t\t\t\t\t\t\t<\/div>\n\t\t\t\t<\/div>\n\t\t\t\t\t<\/div>\n\t\t\t\t<\/div>\n\t\t\t\t<\/div>\n\t\t","protected":false},"excerpt":{"rendered":"<p>Mentions l\u00e9gales Nous vous indiquons ici qui est responsable de ce site Internet, qui est responsable du contenu de ce [&hellip;]<\/p>\n","protected":false},"author":1,"featured_media":0,"parent":0,"menu_order":0,"comment_status":"closed","ping_status":"closed","template":"","meta":{"_acf_changed":false,"_lmt_disableupdate":"","_lmt_disable":"","site-sidebar-layout":"no-sidebar","site-content-layout":"","ast-site-content-layout":"full-width-container","site-content-style":"default","site-sidebar-style":"default","ast-global-header-display":"","ast-banner-title-visibility":"","ast-main-header-display":"","ast-hfb-above-header-display":"","ast-hfb-below-header-display":"","ast-hfb-mobile-header-display":"","site-post-title":"disabled","ast-breadcrumbs-content":"","ast-featured-img":"disabled","footer-sml-layout":"","theme-transparent-header-meta":"","adv-header-id-meta":"","stick-header-meta":"","header-above-stick-meta":"","header-main-stick-meta":"","header-below-stick-meta":"","astra-migrate-meta-layouts":"default","ast-page-background-enabled":"default","ast-page-background-meta":{"desktop":{"background-color":"var(--ast-global-color-4)","background-image":"","background-repeat":"repeat","background-position":"center center","background-size":"auto","background-attachment":"scroll","background-type":"","background-media":"","overlay-type":"","overlay-color":"","overlay-opacity":"","overlay-gradient":""},"tablet":{"background-color":"","background-image":"","background-repeat":"repeat","background-position":"center center","background-size":"auto","background-attachment":"scroll","background-type":"","background-media":"","overlay-type":"","overlay-color":"","overlay-opacity":"","overlay-gradient":""},"mobile":{"background-color":"","background-image":"","background-repeat":"repeat","background-position":"center center","background-size":"auto","background-attachment":"scroll","background-type":"","background-media":"","overlay-type":"","overlay-color":"","overlay-opacity":"","overlay-gradient":""}},"ast-content-background-meta":{"desktop":{"background-color":"var(--ast-global-color-5)","background-image":"","background-repeat":"repeat","background-position":"center center","background-size":"auto","background-attachment":"scroll","background-type":"","background-media":"","overlay-type":"","overlay-color":"","overlay-opacity":"","overlay-gradient":""},"tablet":{"background-color":"var(--ast-global-color-5)","background-image":"","background-repeat":"repeat","background-position":"center center","background-size":"auto","background-attachment":"scroll","background-type":"","background-media":"","overlay-type":"","overlay-color":"","overlay-opacity":"","overlay-gradient":""},"mobile":{"background-color":"var(--ast-global-color-5)","background-image":"","background-repeat":"repeat","background-position":"center center","background-size":"auto","background-attachment":"scroll","background-type":"","background-media":"","overlay-type":"","overlay-color":"","overlay-opacity":"","overlay-gradient":""}},"footnotes":""},"class_list":["post-1652","page","type-page","status-publish","hentry"],"acf":[],"_links":{"self":[{"href":"https:\/\/amcisvideo.eu\/fr\/wp-json\/wp\/v2\/pages\/1652","targetHints":{"allow":["GET"]}}],"collection":[{"href":"https:\/\/amcisvideo.eu\/fr\/wp-json\/wp\/v2\/pages"}],"about":[{"href":"https:\/\/amcisvideo.eu\/fr\/wp-json\/wp\/v2\/types\/page"}],"author":[{"embeddable":true,"href":"https:\/\/amcisvideo.eu\/fr\/wp-json\/wp\/v2\/users\/1"}],"replies":[{"embeddable":true,"href":"https:\/\/amcisvideo.eu\/fr\/wp-json\/wp\/v2\/comments?post=1652"}],"version-history":[{"count":1,"href":"https:\/\/amcisvideo.eu\/fr\/wp-json\/wp\/v2\/pages\/1652\/revisions"}],"predecessor-version":[{"id":1653,"href":"https:\/\/amcisvideo.eu\/fr\/wp-json\/wp\/v2\/pages\/1652\/revisions\/1653"}],"wp:attachment":[{"href":"https:\/\/amcisvideo.eu\/fr\/wp-json\/wp\/v2\/media?parent=1652"}],"curies":[{"name":"wp","href":"https:\/\/api.w.org\/{rel}","templated":true}]}}